{"id":28,"date":"2012-10-25T10:10:24","date_gmt":"2012-10-25T08:10:24","guid":{"rendered":"http:\/\/salamon-oekologie.de\/wcm\/?page_id=28"},"modified":"2021-11-30T17:09:02","modified_gmt":"2021-11-30T15:09:02","slug":"publikationen","status":"publish","type":"page","link":"https:\/\/salamon-oekologie.de\/en\/publikationen\/","title":{"rendered":"Publications"},"content":{"rendered":"<ul>\n<li>Toschki, A., Burkhardt, U., Haase, H., H\u00f6fer, H.,\u00a0J\u00e4nsch, S., Oellers, J.,\u00a0R\u00f6mbke, J., Ro\u00df-Nickoll, M., Salamon, J.-A., Schmelz, R.M., Scholz-Starke, B., Russell, D. 2021. Die Edaphobase-L\u00e4nderstudien. Syn\u00f6kologische Untersuchungen von Bodenorganismen in einem Biotop- und Standortgradienten in Deutschland 2014-2018. &#8211; Peckiana 14: 1-367.<br \/>\n<a href=\"https:\/\/gaiac-eco.de\/die-edaphobase-laenderstudien\/\" target=\"_blank\" rel=\"noopener\">https:\/\/gaiac-eco.de\/die-edaphobase-laenderstudien\/<\/a><\/li>\n<li>Stegger P.,\u00a0R\u00f6mbke J., Salamon J.-A.,\u00a0Ebke K.P.\u00a02021. Effects of calcium cyanamide on Collembola in a standardized field test: Part 1. Rationale and performance of the study. -Environ Sci Eur 33, 130. <a href=\"https:\/\/doi.org\/10.1186\/s12302-021-00571-2\" target=\"_blank\" rel=\"noopener\">DOI: 10.1186\/s12302-021-00571-2<\/a><\/li>\n<li>Salamon, J.-A., Wissuwa, J., Frank, T., Scheu, S., Popatov, A.M. 2020. Trophic level and basal resource use of soil animals are hardly affected by local plant associations in abandoned arable land. &#8211; Ecology and Evolution, DOI: 10.1002\/ece3.6535<br \/>\n<a href=\"https:\/\/onlinelibrary.wiley.com\/doi\/full\/10.1002\/ece3.6535\" target=\"_blank\" rel=\"noopener\">https:\/\/onlinelibrary.wiley.com\/doi\/full\/10.1002\/ece3.6535<\/a><\/li>\n<li>Meyer, S., Rusterholz, H.-P., Salamon, J.-A., Baur, B. 2020. Leaf litter decomposition and litter fauna in urban forests: Effect of the degree of urbanisation and forest size. &#8211; Pedobiologia 78: 1-14.<br \/>\n<a href=\"https:\/\/www.sciencedirect.com\/science\/article\/abs\/pii\/S0031405619302707\" target=\"_blank\" rel=\"noopener\">https:\/\/www.sciencedirect.com\/science\/article\/abs\/pii\/S0031405619302707<\/a><\/li>\n<li>Scheffczyk, A., Floate, K. D., Blanckenhorn, W. U., D\u00fcring, R.-A., Klockner, A., Lahr, J., Lumaret, J.-P., Salamon, J.-A., Tixier, T., Wohde, M. and R\u00f6mbke, J. 2016. Nontarget effects of ivermectin residues on earthworms and springtails dwelling beneath dung of treated cattle in four countries. &#8211; Environ Toxicol Chem. doi:10.1002\/etc.3306<br \/>\n<a href=\"https:\/\/pubmed.ncbi.nlm.nih.gov\/26565894\/\" target=\"_blank\" rel=\"noopener\">https:\/\/pubmed.ncbi.nlm.nih.gov\/26565894\/<\/a><\/li>\n<li>Rusterholz, H.- P., Salamon, J.-A., Ruckli, R., Baur, B. 2014. Effects of the annual invasive plant\u00a0Impatiens glandulifera\u00a0on the Collembola and Acari communities in a deciduous forest. \u2013 Pedobiologia 57: 285-291.<\/li>\n<li>Salamon, J.-A. 2011. Die Arten im Nationalpark Bayerischer Wald: Collembola. In: Nationalparkverwaltung Bayerischer Wald (Hrsg,). Biologische Vielfalt im Nationalpark Bayerischer Wald. Sonderband der Wissenschaftlichen Schriftenreihe des Nationalparks Bayerischer Wald, Grafenau. pp. 130-132.<br \/>\n<a href=\"https:\/\/www.nationalpark-bayerischer-wald.bayern.de\/natur\/doc\/sonderband_biologische_vielfalt.pdf\" target=\"_blank\" rel=\"noopener\">https:\/\/www.nationalpark-bayerischer-wald.bayern.de\/natur\/doc\/sonderband_biologische_vielfalt.pdf<\/a><\/li>\n<li>Wissuwa, J., Salamon, J.-A., Frank, T. 2012. Effects of habitat age and plant species on predatory mites (Acari, Mesostigmata) in grassy arable fallows in Eastern Austria. &#8211; Soil Biology and Biochemistry 50: 96-107.<a href=\"http:\/\/www.sciencedirect.com\/science\/article\/pii\/S0038071712000806\">http:\/\/www.sciencedirect.com\/science\/article\/pii\/S0038071712000806<\/a><\/li>\n<li>Salamon, J.-A., Wissuwa, J., Jagos, S., Koblm\u00fcller, M., Ozinger, O., Winkler, C., Frank, T. 2011. Plant species effects on soil macrofauna density in grassy arable fallows of different age. \u2013 European Journal of Soil Biology 47: 129-137.<a href=\"http:\/\/www.sciencedirect.com\/science\/article\/pii\/S1164556311000069\">http:\/\/www.sciencedirect.com\/science\/article\/pii\/S1164556311000069<\/a><\/li>\n<li>Salamon, J.-A., Wissuwa, J., Moder, K., Frank, T. 2011. Effects of Medicago sativa, Taraxacum officinale and Bromus sterilis on the density and diversity of Collembola in grassy arable fallows of different age. &#8211; Pedobiologia 54: 63-70.<a href=\"http:\/\/www.sciencedirect.com\/science\/article\/pii\/S0031405610000764\">http:\/\/www.sciencedirect.com\/science\/article\/pii\/S0031405610000764<\/a><\/li>\n<li>Salamon, J.-A. 2009. Collembola communities in grassy arable fallows of Eastern Austria: Influence of different plant functional groups and age of the fallows. In: Holzheu, S., Thies, B. (Eds.), Bayreuther Forum \u00d6kologie 115: 46-47.[39th Annual Conference of the Ecological Society of Germany, Austria and Switzerland, Bayreuth, Sept 14-18, 2009]<a href=\"https:\/\/forschung.boku.ac.at\/fis\/suchen.publikationen_uni_autoren?sprache_in=de&#038;menue_id_in=102&#038;id_in=&#038;publikation_id_in=65279\" target=\"_blank\" rel=\"noopener\">https:\/\/forschung.boku.ac.at\/fis\/suchen.publikationen_uni_autoren?sprache_in=de&#038;menue_id_in=102&#038;id_in=&#038;publikation_id_in=65279<\/a><\/li>\n<li>Salamon, J.-A., Alphei, J. 2009. The Collembola community of a Central European forest: Influence of tree species composition. &#8211; European Journal of Soil Biology 45: 199-206.<\/li>\n<li>Salamon, J.-A., Wolters, V. 2009. Nematoda response to forest conversion. \u2013 European Journal of Soil Biology 45: 184-191.<\/li>\n<li>Wall, D. H., Bradford, M. A., St. John, M. G., Trofymow, J. A., Behan-Pelletier, V., Bignell, D. E., Dangerfield, J. M., Parton, W. J., Rusek, J., Voigt, W., Wolters, V., Zadeh, H., Ayuke, F. O., Bashford, R., Beljakova, O. I., Bohlen, P. J., Brauman, A., Flemming, S., Henschel, J. R., Johnson, D. L., Jones, T. H., Kovarova, M., Kranabetter, J. M., Kutny, L., Lin, K.-C., Maryati, M., Masse, D., Pokarzhevskii, A., Rahman, H., Sabara, M. G., Salamon, J.-A., Swift, M. J., Varela, A., Vasconcelos, H. L., White, D., Zou, X. M. 2008. Global decomposition experiment shows soil animal impacts on decomposition are climate-dependent. \u2013 Global Change Biology 14: 1-17.<\/li>\n<li>Salamon, J.-A., Zaitsev, A., G\u00e4rtner, S., Wolters, V. 2008. Soil macrofaunal response to forest conversion from pure coniferous stands into semi-natural montane forests. &#8211; Applied Soil Ecology 40: 491-498.<a href=\"http:\/\/www.sciencedirect.com\/science\/article\/pii\/S0929139308001108\">http:\/\/www.sciencedirect.com\/science\/article\/pii\/S0929139308001108<\/a><\/li>\n<li>Salamon, J.-A., Scheu, S., Schaefer, M. 2008. The Collembola community of pure and mixed stands of beech (Fagus sylvatica) and spruce (Picea abies) of different age. &#8211; Pedobiologia 51: 385-396.<\/li>\n<li>Salamon, J.-A., Alphei, J., Ruf, A., Schaefer, M., Scheu, S., Schneider, K., S\u00fchrig, A., Maraun, M. 2006. Transitory dynamic effects in the soil invertebrate community in a temperate deciduous forest: Effects of resource quality. &#8211; Soil Biology and Biochemistry 38: 209-221.<\/li>\n<li>Salamon, J.-A. 2005. Einfluss des Waldumbaus auf die Bestandes- und Artendiversit\u00e4t: Diversit\u00e4t der Bodenfauna. In: von Teuffel, K., Baumgarten, M., Hanewinkel, M., Konold, W., Sauter, U. H., Spieker, H., von Wilpert, K. (eds.) Waldumbau f\u00fcr eine zukunftsorientierte Waldwirtschaft. Springer-Verlag, Berlin, Heidelberg, New York. pp. 132-133.<\/li>\n<li>Salamon, J.-A. 2005. Ableitungen und Empfehlungen f\u00fcr den Waldumbau: Bodenfauna. In: von Teuffel, K., Baumgarten, M., Hanewinkel, M., Konold, W., Sauter, U. H., Spieker, H., von Wilpert, K. (eds.) Waldumbau f\u00fcr eine zukunftsorientierte Waldwirtschaft. Springer-Verlag, Berlin, Heidelberg, New York. pp. 137-138.<\/li>\n<li>Salamon, J.-A., Zaitsev, A., Wolters, V. 2005. Auswirkungen des Waldumbaus auf die Bodenfauna. In: von Teuffel, K., Baumgarten, M., Hanewinkel, M., Konold, W., Sauter, U. H., Spieker, H., von Wilpert, K. (eds.) Waldumbau f\u00fcr eine zukunftsorientierte Waldwirtschaft. Springer-Verlag, Berlin, Heidelberg, New York. pp. 113-117.<\/li>\n<li>Salamon, J.-A., Schmid, B., Scheu, S., Alphei, J., Schaefer, M. 2004. Effects of plant diversity on Collembola in an experimental grassland ecosytem. &#8211; Oikos 106: 51-60.<a href=\"http:\/\/onlinelibrary.wiley.com\/doi\/10.1111\/j.0030-1299.2004.12905.x\/abstract\">http:\/\/onlinelibrary.wiley.com\/doi\/10.1111\/j.0030-1299.2004.12905.x\/abstract<\/a><\/li>\n<li>Scheu, S., Albers, D., Alphei, J., Buryn, R., Klages, U., Migge, S., Platner, C., Salamon, J.-A. 2003. The soil fauna in pure and mixed stands of beech and spruce of different age: trophic structure and structuring forces. &#8211; Oikos 101: 225-238.<\/li>\n<li>Salamon, J.-A., Zaitsev, A., Wolters, V. 2003. The influence of forest conversion on the soil macrofauna community. In J. Stadler, I. Hensen, S. Klotz, H. Feldmann (eds.). Biodiversity \u2013 from patterns to processes. &#8211; Verhandlungen der Gesellschaft f\u00fcr \u00d6kologie 33, Halle, G\u00f6ttingen: Die Werkstatt. p 408.<\/li>\n<li>Maraun, M., Salamon, J.-A., Schneider, K., Schaefer, M., Scheu, S. 2003. Oribatid mite and collembolan diversity, density and community structure in a moder beech forest (Fagus sylvatica): effects of mechanical perturbations. &#8211; Soil Biology and Biochemistry 35: 1387-1394.<\/li>\n<li>Salamon, J.-A. 2003. Die Collembolengemeinschaften in Buchen-, Fichten- und Mischw\u00e4ldern des Sollings. &#8211; Mitteilungen der AG Bodenmesofauna 19: 7-9.<\/li>\n<li>Salamon, J.-A., Zaitsev, A., Gabriel, E., Chauvat, M., Wolters, V. 2002. Auswirkungen des Waldumbaus auf Struktur und Funktion der Bodenbiota. &#8211; Berichte des Forschungszentrums Wald\u00f6kosysteme, Reihe B, Band 68: 147.<\/li>\n<li>Alphei, J., Salamon, J.-A. 2002. Effects of stand type on community structure of soil nematodes and Collembola in pure and mixed stands of beech and spruce. In: T. Peschel , J. Mrzljak, G. Wiegleb (eds.). Landschaft im Wandel &#8211; \u00d6kologie im Wandel. &#8211; Verhandlungen der Gesellschaft f\u00fcr \u00d6kologie 32, Cottbus, G\u00f6ttingen: Die Werkstatt. p 188.<\/li>\n<li>Salamon, J.-A., Alphei, J., Scheu, S. 2001. Effects of plant diversity on Collembola in a experimental grassland ecosystem. In: G. Zotz , Ch. K\u00f6rner (eds.). Funktionelle Bedeutung von Biodiversit\u00e4t. &#8211; Verhandlungen der Gesellschaft f\u00fcr \u00d6kologie, Basel, Berlin: Parey. p 175.<\/li>\n<li>Salamon, J.-A., Alphei, J. 2001. Diversit\u00e4t und Struktur der Collembolengemeinschaften in Buche\/Fichte Mischbest\u00e4nden versus monospezifischen Best\u00e4nden. &#8211; Mitteilungen der Deutschen Bodenkundlichen Gesellschaft 95: 92-96.<\/li>\n<li>Salamon, J.-A. 2001. Die Collembolengemeinschaften in Buchen- und Fichtenw\u00e4ldern des Sollings: Der Einfluss von Baummischung, Nahrung und mechanischer St\u00f6rung. &#8211; Berichte des Forschungszentrums Wald\u00f6kosysteme, G\u00f6ttingen, Reihe A, Band 176 (Dissertation).<\/li>\n<li>Salamon, J.-A. 2000. Der Einflu\u00df von mechanischer St\u00f6rung auf die Collembolengemeinschaft in einem Buchenwald auf Buntsandstein. Mitteilungen der AG Bodenmesofauna 16: 28-36.<\/li>\n<li>Maraun, M., Salamon, J.-A., Alphei, J., Scheu, S. 1998. Der Einfluss zunehmender funktioneller Diversit\u00e4t von Bodentieren auf die Dichte von Collembolen, Oribatiden, Gamasinen und Nematoden im Boden eines Mullbuchenwaldes: Laborexperimente in Mikrokosmen. &#8211; Mitteilungen der Deutschen Bodenkundlichen Gesellschaft 89: 269-273.<\/li>\n<li>Salamon, J.-A. 1998. Steuergr\u00f6\u00dfen f\u00fcr die Zusammensetzung der Collembolengemeinschaft in Rein- und Mischbest\u00e4nden. Mitteilungen der AG Bodenmesofauna 14: 46-54.<\/li>\n<li>Salamon, J.-A., Albers, D., Scheu, S., Schaefer, M. 1997. Vergleich der Collembolengemeinschaften im Boden und in Litterbags in einem Gradienten von Buche (Fagus sylvatica) zu Fichte (Picea abies) auf Buntsandstein. &#8211; Mitteilungen der Deutschen Bodenkundlichen Gesellschaft 85, II: 595-598.<\/li>\n<li>Salamon, J.-A. 1996. Abundanz und Diversit\u00e4t von Collembolen in einem Gradienten von Buche (Fagus sylvatica) zu Fichte (Picea abies) auf Buntsandstein. Mitteilungen der AG Bodenmesofauna 12: 58-67.<\/li>\n<\/ul>\n","protected":false},"excerpt":{"rendered":"<p>Writing of scientific reports and articles about soil animals including statistical analysis.<\/p>\n","protected":false},"author":1,"featured_media":252,"parent":0,"menu_order":0,"comment_status":"closed","ping_status":"open","template":"","meta":{"footnotes":""},"class_list":["post-28","page","type-page","status-publish","has-post-thumbnail","hentry"],"aioseo_notices":[],"_links":{"self":[{"href":"https:\/\/salamon-oekologie.de\/en\/wp-json\/wp\/v2\/pages\/28","targetHints":{"allow":["GET"]}}],"collection":[{"href":"https:\/\/salamon-oekologie.de\/en\/wp-json\/wp\/v2\/pages"}],"about":[{"href":"https:\/\/salamon-oekologie.de\/en\/wp-json\/wp\/v2\/types\/page"}],"author":[{"embeddable":true,"href":"https:\/\/salamon-oekologie.de\/en\/wp-json\/wp\/v2\/users\/1"}],"replies":[{"embeddable":true,"href":"https:\/\/salamon-oekologie.de\/en\/wp-json\/wp\/v2\/comments?post=28"}],"version-history":[{"count":24,"href":"https:\/\/salamon-oekologie.de\/en\/wp-json\/wp\/v2\/pages\/28\/revisions"}],"predecessor-version":[{"id":357,"href":"https:\/\/salamon-oekologie.de\/en\/wp-json\/wp\/v2\/pages\/28\/revisions\/357"}],"wp:featuredmedia":[{"embeddable":true,"href":"https:\/\/salamon-oekologie.de\/en\/wp-json\/wp\/v2\/media\/252"}],"wp:attachment":[{"href":"https:\/\/salamon-oekologie.de\/en\/wp-json\/wp\/v2\/media?parent=28"}],"curies":[{"name":"wp","href":"https:\/\/api.w.org\/{rel}","templated":true}]}}