{"id":38,"date":"2012-10-25T10:40:28","date_gmt":"2012-10-25T08:40:28","guid":{"rendered":"http:\/\/salamon-oekologie.de\/wcm\/?page_id=38"},"modified":"2020-08-04T09:13:42","modified_gmt":"2020-08-04T07:13:42","slug":"partner","status":"publish","type":"page","link":"https:\/\/salamon-oekologie.de\/en\/partner\/","title":{"rendered":"Affiliates"},"content":{"rendered":"<h2>Dr. Johann Zaller<\/h2>\n<p>Universit\u00e4t f\u00fcr Bodenkultur Wien<br \/>\nInstitut f\u00fcr Zoologie<br \/>\nGregor Mendel \u2013Stra\u00dfe 33<br \/>\n1180 Wien, \u00d6sterreich<\/p>\n<h2>Prof. Thomas Frank<\/h2>\n<p>Universit\u00e4t f\u00fcr Bodenkultur Wien<br \/>\nInstitut f\u00fcr Zoologie<br \/>\nGregor Mendel \u2013Stra\u00dfe 33<br \/>\n1180 Wien, \u00d6sterreich<!--:--><!--:en--><\/p>\n<h2>Dr. Johann Zaller<\/h2>\n<p>Universit\u00e4t f\u00fcr Bodenkultur Wien<\/p>\n<p>Institut f\u00fcr Zoologie<\/p>\n<p>Gregor Mendel \u2013Stra\u00dfe 33<\/p>\n<p>A-1180 Wien, Austria<\/p>\n<h2>Prof. Thomas Frank<\/h2>\n<p>Universit\u00e4t f\u00fcr Bodenkultur Wien<\/p>\n<p>Institut f\u00fcr Zoologie<\/p>\n<p>Gregor Mendel \u2013Stra\u00dfe 33<\/p>\n<p>A-1180 Wien, Austria<\/p>\n","protected":false},"excerpt":{"rendered":"<p>Dr. Johann Zaller Universit\u00e4t f\u00fcr Bodenkultur Wien Institut f\u00fcr Zoologie Gregor Mendel \u2013Stra\u00dfe 33 1180 Wien, \u00d6sterreich Prof. Thomas Frank Universit\u00e4t f\u00fcr Bodenkultur Wien Institut f\u00fcr Zoologie Gregor Mendel \u2013Stra\u00dfe 33 1180 Wien, \u00d6sterreich Dr. Johann Zaller Universit\u00e4t f\u00fcr Bodenkultur Wien Institut f\u00fcr Zoologie Gregor Mendel \u2013Stra\u00dfe 33 A-1180 Wien, Austria Prof. Thomas Frank Universit\u00e4t<\/p>\n","protected":false},"author":1,"featured_media":0,"parent":0,"menu_order":0,"comment_status":"closed","ping_status":"open","template":"page_ohne_excerpt.php","meta":{"footnotes":""},"class_list":["post-38","page","type-page","status-publish","hentry"],"aioseo_notices":[],"_links":{"self":[{"href":"https:\/\/salamon-oekologie.de\/en\/wp-json\/wp\/v2\/pages\/38","targetHints":{"allow":["GET"]}}],"collection":[{"href":"https:\/\/salamon-oekologie.de\/en\/wp-json\/wp\/v2\/pages"}],"about":[{"href":"https:\/\/salamon-oekologie.de\/en\/wp-json\/wp\/v2\/types\/page"}],"author":[{"embeddable":true,"href":"https:\/\/salamon-oekologie.de\/en\/wp-json\/wp\/v2\/users\/1"}],"replies":[{"embeddable":true,"href":"https:\/\/salamon-oekologie.de\/en\/wp-json\/wp\/v2\/comments?post=38"}],"version-history":[{"count":10,"href":"https:\/\/salamon-oekologie.de\/en\/wp-json\/wp\/v2\/pages\/38\/revisions"}],"predecessor-version":[{"id":335,"href":"https:\/\/salamon-oekologie.de\/en\/wp-json\/wp\/v2\/pages\/38\/revisions\/335"}],"wp:attachment":[{"href":"https:\/\/salamon-oekologie.de\/en\/wp-json\/wp\/v2\/media?parent=38"}],"curies":[{"name":"wp","href":"https:\/\/api.w.org\/{rel}","templated":true}]}}